{"id":104,"date":"2024-08-12T21:02:55","date_gmt":"2024-08-12T21:02:55","guid":{"rendered":"https:\/\/7continentsmaritime.com\/?page_id=104"},"modified":"2024-09-06T18:47:27","modified_gmt":"2024-09-06T18:47:27","slug":"about-us","status":"publish","type":"page","link":"https:\/\/7continentsmaritime.com\/es\/about-us\/","title":{"rendered":"Sobre Nosotros"},"content":{"rendered":"<section class=\"l-section wpb_row height_medium with_img\"><div class=\"l-section-img\" role=\"img\" data-img-width=\"2107\" data-img-height=\"1080\" style=\"background-image: url(https:\/\/7continentsmaritime.com\/wp-content\/uploads\/2024\/08\/background-contact-1.jpg);\"><\/div><div class=\"l-section-h i-cf\"><div class=\"g-cols vc_row via_grid cols_2 laptops-cols_inherit tablets-cols_inherit mobiles-cols_1 valign_middle type_default stacking_default\"><div class=\"wpb_column vc_column_container\"><div class=\"vc_column-inner\"><div class=\"ult-spacer spacer-69f474e6afcc9\" data-id=\"69f474e6afcc9\" data-height=\"0\" data-height-mobile=\"80\" data-height-tab=\"\" data-height-tab-portrait=\"80\" data-height-mobile-landscape=\"80\" style=\"clear:both;display:block;\"><\/div><div id=\"ultimate-heading-659969f474e6afd6a\" class=\"uvc-heading ult-adjust-bottom-margin ultimate-heading-659969f474e6afd6a uvc-3724 titulo\" data-hspacer=\"line_only\"  data-halign=\"left\" style=\"text-align:left\"><div class=\"uvc-sub-heading ult-responsive\"  data-ultimate-target='.uvc-heading.ultimate-heading-659969f474e6afd6a .uvc-sub-heading '  data-responsive-json-new='{\"font-size\":\"\",\"line-height\":\"\"}'  style=\"font-weight:normal;\"><strong>SOBRE NOSOTROS<\/strong><\/p>\n<h1>7 Continents Maritime<\/h1>\n<\/div><div class=\"uvc-heading-spacer line_only\" style=\"margin-top:5px;margin-bottom:10px;height:2px;\"><span class=\"uvc-headings-line\" style=\"border-style:solid;border-bottom-width:2px;border-color:#030a5f;width:80px;\"><\/span><\/div><\/div><div class=\"ult-spacer spacer-69f474e6afda1\" data-id=\"69f474e6afda1\" data-height=\"30\" data-height-mobile=\"30\" data-height-tab=\"30\" data-height-tab-portrait=\"\" data-height-mobile-landscape=\"\" style=\"clear:both;display:block;\"><\/div><div class=\"wpb_text_column\"><div class=\"wpb_wrapper\"><p>En 7 Continents Maritime, somos m\u00e1s que una empresa de transporte mar\u00edtimo; somos su socio estrat\u00e9gico en soluciones log\u00edsticas y mar\u00edtimas integrales. Desde nuestra fundaci\u00f3n, nos hemos comprometido a proporcionar servicios excepcionales que satisfagan las necesidades de nuestros clientes, garantizando eficiencia, seguridad y fiabilidad en cada operaci\u00f3n.<\/p>\n<\/div><\/div><div class=\"ult-spacer spacer-69f474e6b0127\" data-id=\"69f474e6b0127\" data-height=\"20\" data-height-mobile=\"20\" data-height-tab=\"20\" data-height-tab-portrait=\"\" data-height-mobile-landscape=\"\" style=\"clear:both;display:block;\"><\/div><\/div><\/div><div class=\"wpb_column vc_column_container\"><div class=\"vc_column-inner\"><div class=\"g-cols wpb_row via_grid cols_2 laptops-cols_inherit tablets-cols_inherit mobiles-cols_1 valign_top type_default stacking_default\" style=\"--gap:1rem;\" id=\"img-3\"><div class=\"wpb_column vc_column_container us_custom_9eba9c5b\"><div class=\"vc_column-inner\"><div class=\"w-image align_none\" id=\"img-1\"><div class=\"w-image-h\"><img decoding=\"async\" width=\"768\" height=\"1024\" src=\"https:\/\/7continentsmaritime.com\/wp-content\/uploads\/2024\/08\/serv-2-768x1024.jpg\" class=\"attachment-large size-large\" alt=\"\" loading=\"lazy\" srcset=\"https:\/\/7continentsmaritime.com\/wp-content\/uploads\/2024\/08\/serv-2-768x1024.jpg 768w, https:\/\/7continentsmaritime.com\/wp-content\/uploads\/2024\/08\/serv-2-225x300.jpg 225w, https:\/\/7continentsmaritime.com\/wp-content\/uploads\/2024\/08\/serv-2.jpg 975w\" sizes=\"auto, (max-width: 768px) 100vw, 768px\" \/><\/div><\/div><\/div><\/div><div class=\"wpb_column vc_column_container us_custom_f50956ce us_animate_this\"><div class=\"vc_column-inner\"><div class=\"w-image align_none\" id=\"img-2\"><div class=\"w-image-h\"><img decoding=\"async\" width=\"1024\" height=\"694\" src=\"https:\/\/7continentsmaritime.com\/wp-content\/uploads\/2024\/08\/about-2-1024x694.jpg\" class=\"attachment-large size-large\" alt=\"\" loading=\"lazy\" srcset=\"https:\/\/7continentsmaritime.com\/wp-content\/uploads\/2024\/08\/about-2-1024x694.jpg 1024w, https:\/\/7continentsmaritime.com\/wp-content\/uploads\/2024\/08\/about-2-300x203.jpg 300w, https:\/\/7continentsmaritime.com\/wp-content\/uploads\/2024\/08\/about-2.jpg 1400w\" sizes=\"auto, (max-width: 1024px) 100vw, 1024px\" \/><\/div><\/div><div class=\"ult-spacer spacer-69f474e6b7bf6\" data-id=\"69f474e6b7bf6\" data-height=\"10\" data-height-mobile=\"10\" data-height-tab=\"10\" data-height-tab-portrait=\"\" data-height-mobile-landscape=\"\" style=\"clear:both;display:block;\"><\/div><div class=\"w-image align_none\" id=\"img-2\"><div class=\"w-image-h\"><img decoding=\"async\" width=\"1024\" height=\"674\" src=\"https:\/\/7continentsmaritime.com\/wp-content\/uploads\/2024\/08\/img-2-1024x674.jpg\" class=\"attachment-large size-large\" alt=\"\" loading=\"lazy\" srcset=\"https:\/\/7continentsmaritime.com\/wp-content\/uploads\/2024\/08\/img-2-1024x674.jpg 1024w, https:\/\/7continentsmaritime.com\/wp-content\/uploads\/2024\/08\/img-2-300x197.jpg 300w, https:\/\/7continentsmaritime.com\/wp-content\/uploads\/2024\/08\/img-2.jpg 2000w\" sizes=\"auto, (max-width: 1024px) 100vw, 1024px\" \/><\/div><\/div><\/div><\/div><\/div><\/div><\/div><\/div><\/div><\/section><section class=\"l-section wpb_row height_auto width_full\" id=\"history\"><div class=\"l-section-overlay\" style=\"background:#030a5f\"><\/div><div class=\"l-section-h i-cf\"><div class=\"g-cols vc_row via_grid cols_2 laptops-cols_inherit tablets-cols_inherit mobiles-cols_1 valign_middle type_default stacking_default\"><div class=\"wpb_column vc_column_container us_custom_812e06f2 us_animate_this has_bg_color\"><div class=\"vc_column-inner\"><div class=\"ult-spacer spacer-69f474e6bd27d\" data-id=\"69f474e6bd27d\" data-height=\"400\" data-height-mobile=\"400\" data-height-tab=\"400\" data-height-tab-portrait=\"\" data-height-mobile-landscape=\"\" style=\"clear:both;display:block;\"><\/div><\/div><\/div><div class=\"wpb_column vc_column_container us_custom_cd96f729 has_text_color us_animate_this\"><div class=\"vc_column-inner\"><div class=\"g-cols wpb_row via_grid cols_1 laptops-cols_inherit tablets-cols_inherit mobiles-cols_1 valign_middle type_boxes stacking_default\" style=\"--gap:3rem;\"><div class=\"wpb_column vc_column_container\"><div class=\"vc_column-inner\"><div class=\"ult-spacer spacer-69f474e6bd5a1\" data-id=\"69f474e6bd5a1\" data-height=\"80\" data-height-mobile=\"80\" data-height-tab=\"80\" data-height-tab-portrait=\"\" data-height-mobile-landscape=\"\" style=\"clear:both;display:block;\"><\/div><div id=\"ultimate-heading-902469f474e6bd5f4\" class=\"uvc-heading ult-adjust-bottom-margin ultimate-heading-902469f474e6bd5f4 uvc-8886 titulo\" data-hspacer=\"line_only\"  data-halign=\"left\" style=\"text-align:left\"><div class=\"uvc-sub-heading ult-responsive\"  data-ultimate-target='.uvc-heading.ultimate-heading-902469f474e6bd5f4 .uvc-sub-heading '  data-responsive-json-new='{\"font-size\":\"\",\"line-height\":\"\"}'  style=\"font-weight:normal;\"><strong>NUESTRA<\/strong><\/p>\n<h1>Historia<\/h1>\n<\/div><div class=\"uvc-heading-spacer line_only\" style=\"margin-top:5px;margin-bottom:10px;height:2px;\"><span class=\"uvc-headings-line\" style=\"border-style:solid;border-bottom-width:2px;border-color:#044cc2;width:80px;\"><\/span><\/div><\/div><div class=\"ult-spacer spacer-69f474e6bd62d\" data-id=\"69f474e6bd62d\" data-height=\"40\" data-height-mobile=\"40\" data-height-tab=\"40\" data-height-tab-portrait=\"\" data-height-mobile-landscape=\"\" style=\"clear:both;display:block;\"><\/div><div class=\"wpb_text_column\"><div class=\"wpb_wrapper\"><p>Fundada en 2004, 7 Continents Maritime comenz\u00f3 como un peque\u00f1o proveedor de servicios mar\u00edtimos con una visi\u00f3n clara: revolucionar la industria del transporte mar\u00edtimo a trav\u00e9s de la innovaci\u00f3n y el compromiso con la excelencia. A lo largo de los a\u00f1os, hemos crecido y nos hemos expandido hasta convertirnos en l\u00edderes del sector, ofreciendo una gama completa de servicios que van desde el transporte de materiales y equipos hasta la construcci\u00f3n de infraestructuras mar\u00edtimas.<\/p>\n<\/div><\/div><div class=\"ult-spacer spacer-69f474e6bd84d\" data-id=\"69f474e6bd84d\" data-height=\"80\" data-height-mobile=\"80\" data-height-tab=\"80\" data-height-tab-portrait=\"\" data-height-mobile-landscape=\"\" style=\"clear:both;display:block;\"><\/div><\/div><\/div><\/div><\/div><\/div><\/div><\/div><\/section><section class=\"l-section wpb_row us_custom_735ff080 height_medium\" id=\"mision\"><div class=\"l-section-h i-cf\"><div class=\"g-cols vc_row via_grid cols_2 laptops-cols_inherit tablets-cols_inherit mobiles-cols_1 valign_top type_default stacking_default\"><div data-us-scroll=\"{&quot;from_initial_position&quot;:&quot;0&quot;,&quot;start_position&quot;:&quot;0%&quot;,&quot;end_position&quot;:&quot;50%&quot;,&quot;delay&quot;:&quot;0.1s&quot;,&quot;translate_x_direction&quot;:&quot;right&quot;,&quot;translate_x_speed&quot;:&quot;0.5x&quot;}\" class=\"wpb_column vc_column_container has_scroll_effects has_translate_x\"><div class=\"vc_column-inner\"><div class=\"g-cols wpb_row via_grid cols_1 laptops-cols_inherit tablets-cols_inherit mobiles-cols_1 valign_top type_default stacking_default\" style=\"--gap:3rem;\"><div class=\"wpb_column vc_column_container\"><div class=\"vc_column-inner\"><div class=\"aio-icon-component    style_1\"><div id=\"Info-box-wrap-8012\" class=\"aio-icon-box left-icon\" style=\"\"  ><div class=\"aio-icon-left\"><div class=\"ult-just-icon-wrapper\"><div class=\"align-icon\" style=\"text-align:center;\">\n<div class=\"aio-icon-img\" style=\"font-size:250px;display:inline-block;\" >\n\t<img decoding=\"async\" class=\"img-icon\" alt=\"null\" src=\"https:\/\/7continentsmaritime.com\/wp-content\/uploads\/2024\/08\/values-1.jpg\"\/>\n<\/div><\/div><\/div><\/div><div class=\"aio-ibd-block\"><div class=\"aio-icon-header\" ><h3 class=\"aio-icon-title ult-responsive\"  data-ultimate-target='#Info-box-wrap-8012 .aio-icon-title'  data-responsive-json-new='{\"font-size\":\"\",\"line-height\":\"\"}'  style=\"\">Misi\u00f3n<\/h3><\/div> <!-- header --><div class=\"aio-icon-description ult-responsive\"  data-ultimate-target='#Info-box-wrap-8012 .aio-icon-description'  data-responsive-json-new='{\"font-size\":\"\",\"line-height\":\"\"}'  style=\"\">Nuestra misi\u00f3n es prestar servicios mar\u00edtimos superiores que impulsen el \u00e9xito de nuestros clientes. Nos esforzamos por superar las expectativas mediante el uso de tecnolog\u00eda avanzada y un equipo de expertos dedicados, garantizando soluciones a medida para cada proyecto.<\/div> <!-- description --><\/div> <!-- aio-ibd-block --><\/div> <!-- aio-icon-box --><\/div> <!-- aio-icon-component --><\/div><\/div><\/div><\/div><\/div><div data-us-scroll=\"{&quot;from_initial_position&quot;:&quot;0&quot;,&quot;start_position&quot;:&quot;0%&quot;,&quot;end_position&quot;:&quot;50%&quot;,&quot;delay&quot;:&quot;0.1s&quot;,&quot;translate_x_direction&quot;:&quot;left&quot;,&quot;translate_x_speed&quot;:&quot;0.5x&quot;}\" class=\"wpb_column vc_column_container has_scroll_effects has_translate_x\"><div class=\"vc_column-inner\"><div class=\"g-cols wpb_row via_grid cols_1 laptops-cols_inherit tablets-cols_inherit mobiles-cols_1 valign_top type_default stacking_default\" style=\"--gap:3rem;\"><div class=\"wpb_column vc_column_container\"><div class=\"vc_column-inner\"><div class=\"aio-icon-component    style_1\"><div id=\"Info-box-wrap-9323\" class=\"aio-icon-box left-icon\" style=\"\"  ><div class=\"aio-icon-left\"><div class=\"ult-just-icon-wrapper\"><div class=\"align-icon\" style=\"text-align:center;\">\n<div class=\"aio-icon-img\" style=\"font-size:250px;display:inline-block;\" >\n\t<img decoding=\"async\" class=\"img-icon\" alt=\"null\" src=\"https:\/\/7continentsmaritime.com\/wp-content\/uploads\/2024\/08\/values-2.jpg\"\/>\n<\/div><\/div><\/div><\/div><div class=\"aio-ibd-block\"><div class=\"aio-icon-header\" ><h3 class=\"aio-icon-title ult-responsive\"  data-ultimate-target='#Info-box-wrap-9323 .aio-icon-title'  data-responsive-json-new='{\"font-size\":\"\",\"line-height\":\"\"}'  style=\"\">Visi\u00f3n<\/h3><\/div> <!-- header --><div class=\"aio-icon-description ult-responsive\"  data-ultimate-target='#Info-box-wrap-9323 .aio-icon-description'  data-responsive-json-new='{\"font-size\":\"\",\"line-height\":\"\"}'  style=\"\">Aspiramos a ser la empresa de transporte mar\u00edtimo m\u00e1s fiable y respetada del mundo, conocida por nuestra innovaci\u00f3n, integridad y compromiso con la sostenibilidad. Aspiramos a liderar las pr\u00e1cticas empresariales responsables, contribuyendo al bienestar de las comunidades y el medio ambiente.<\/div> <!-- description --><\/div> <!-- aio-ibd-block --><\/div> <!-- aio-icon-box --><\/div> <!-- aio-icon-component --><\/div><\/div><\/div><\/div><\/div><\/div><\/div><\/section><section class=\"l-section wpb_row height_medium\"><div class=\"l-section-overlay\" style=\"background:#f0f0f0\"><\/div><div class=\"l-section-h i-cf\"><div class=\"g-cols vc_row via_grid cols_1 laptops-cols_inherit tablets-cols_inherit mobiles-cols_1 valign_top type_default stacking_default\"><div class=\"wpb_column vc_column_container\"><div class=\"vc_column-inner\"><div id=\"ultimate-heading-405069f474e6bfaaf\" class=\"uvc-heading ult-adjust-bottom-margin ultimate-heading-405069f474e6bfaaf uvc-3126 titulo\" data-hspacer=\"line_only\"  data-halign=\"center\" style=\"text-align:center\"><div class=\"uvc-sub-heading ult-responsive\"  data-ultimate-target='.uvc-heading.ultimate-heading-405069f474e6bfaaf .uvc-sub-heading '  data-responsive-json-new='{\"font-size\":\"\",\"line-height\":\"\"}'  style=\"font-weight:normal;\"><strong>NUESTRA<\/strong><\/p>\n<h1>Valores<\/h1>\n<\/div><div class=\"uvc-heading-spacer line_only\" style=\"margin-top:5px;margin-bottom:10px;height:2px;\"><span class=\"uvc-headings-line\" style=\"border-style:solid;border-bottom-width:2px;border-color:#044cc2;width:80px;\"><\/span><\/div><\/div><div class=\"ult-spacer spacer-69f474e6bfaf0\" data-id=\"69f474e6bfaf0\" data-height=\"30\" data-height-mobile=\"30\" data-height-tab=\"30\" data-height-tab-portrait=\"\" data-height-mobile-landscape=\"\" style=\"clear:both;display:block;\"><\/div><div class=\"g-cols wpb_row via_grid cols_4 laptops-cols_inherit tablets-cols_inherit mobiles-cols_1 valign_top type_default stacking_default\" style=\"--gap:3rem;\"><div class=\"wpb_column vc_column_container us_custom_8f7b07a9 us_animate_this\"><div class=\"vc_column-inner\"><div class=\"aio-icon-component    style_1\"><div id=\"Info-box-wrap-1660\" class=\"aio-icon-box top-icon\" style=\"\"  ><div class=\"aio-icon-top\"><div class=\"ult-just-icon-wrapper\"><div class=\"align-icon\" style=\"text-align:center;\">\n<div class=\"aio-icon circle\"  style=\"color:#ffffff;background:#044cc2;font-size:32px;display:inline-block;\">\n\t<i class=\"Defaults-check\"><\/i>\n<\/div><\/div><\/div><\/div><div class=\"aio-icon-header\" ><h3 class=\"aio-icon-title ult-responsive\"  data-ultimate-target='#Info-box-wrap-1660 .aio-icon-title'  data-responsive-json-new='{\"font-size\":\"\",\"line-height\":\"\"}'  style=\"\">Compromiso con la calidad<\/h3><\/div> <!-- header --><div class=\"aio-icon-description ult-responsive\"  data-ultimate-target='#Info-box-wrap-1660 .aio-icon-description'  data-responsive-json-new='{\"font-size\":\"\",\"line-height\":\"\"}'  style=\"\">Nos dedicamos a prestar servicios que cumplen las normas m\u00e1s estrictas de calidad y seguridad.<\/div> <!-- description --><\/div> <!-- aio-icon-box --><\/div> <!-- aio-icon-component --><\/div><\/div><div class=\"wpb_column vc_column_container us_custom_d42cffdb us_animate_this\"><div class=\"vc_column-inner\"><div class=\"aio-icon-component    style_1\"><div id=\"Info-box-wrap-7831\" class=\"aio-icon-box top-icon\" style=\"\"  ><div class=\"aio-icon-top\"><div class=\"ult-just-icon-wrapper\"><div class=\"align-icon\" style=\"text-align:center;\">\n<div class=\"aio-icon circle\"  style=\"color:#ffffff;background:#044cc2;font-size:32px;display:inline-block;\">\n\t<i class=\"Defaults-check\"><\/i>\n<\/div><\/div><\/div><\/div><div class=\"aio-icon-header\" ><h3 class=\"aio-icon-title ult-responsive\"  data-ultimate-target='#Info-box-wrap-7831 .aio-icon-title'  data-responsive-json-new='{\"font-size\":\"\",\"line-height\":\"\"}'  style=\"\">Innovaci\u00f3n continua<\/h3><\/div> <!-- header --><div class=\"aio-icon-description ult-responsive\"  data-ultimate-target='#Info-box-wrap-7831 .aio-icon-description'  data-responsive-json-new='{\"font-size\":\"\",\"line-height\":\"\"}'  style=\"\">Promovemos la mejora continua y la innovaci\u00f3n en todos nuestros procesos para ofrecer soluciones eficaces y eficientes.<\/div> <!-- description --><\/div> <!-- aio-icon-box --><\/div> <!-- aio-icon-component --><\/div><\/div><div class=\"wpb_column vc_column_container us_custom_c22e6b59 us_animate_this\"><div class=\"vc_column-inner\"><div class=\"aio-icon-component    style_1\"><div id=\"Info-box-wrap-9862\" class=\"aio-icon-box top-icon\" style=\"\"  ><div class=\"aio-icon-top\"><div class=\"ult-just-icon-wrapper\"><div class=\"align-icon\" style=\"text-align:center;\">\n<div class=\"aio-icon circle\"  style=\"color:#ffffff;background:#044cc2;font-size:32px;display:inline-block;\">\n\t<i class=\"Defaults-check\"><\/i>\n<\/div><\/div><\/div><\/div><div class=\"aio-icon-header\" ><h3 class=\"aio-icon-title ult-responsive\"  data-ultimate-target='#Info-box-wrap-9862 .aio-icon-title'  data-responsive-json-new='{\"font-size\":\"\",\"line-height\":\"\"}'  style=\"\">Integridad<\/h3><\/div> <!-- header --><div class=\"aio-icon-description ult-responsive\"  data-ultimate-target='#Info-box-wrap-9862 .aio-icon-description'  data-responsive-json-new='{\"font-size\":\"\",\"line-height\":\"\"}'  style=\"\">Actuamos con transparencia y \u00e9tica, manteniendo la confianza de nuestros clientes y socios comerciales.<\/div> <!-- description --><\/div> <!-- aio-icon-box --><\/div> <!-- aio-icon-component --><\/div><\/div><div class=\"wpb_column vc_column_container us_custom_e911508b us_animate_this\"><div class=\"vc_column-inner\"><div class=\"aio-icon-component    style_1\"><div id=\"Info-box-wrap-8144\" class=\"aio-icon-box top-icon\" style=\"\"  ><div class=\"aio-icon-top\"><div class=\"ult-just-icon-wrapper\"><div class=\"align-icon\" style=\"text-align:center;\">\n<div class=\"aio-icon circle\"  style=\"color:#ffffff;background:#044cc2;font-size:32px;display:inline-block;\">\n\t<i class=\"Defaults-check\"><\/i>\n<\/div><\/div><\/div><\/div><div class=\"aio-icon-header\" ><h3 class=\"aio-icon-title ult-responsive\"  data-ultimate-target='#Info-box-wrap-8144 .aio-icon-title'  data-responsive-json-new='{\"font-size\":\"\",\"line-height\":\"\"}'  style=\"\">Sostenibilidad<\/h3><\/div> <!-- header --><div class=\"aio-icon-description ult-responsive\"  data-ultimate-target='#Info-box-wrap-8144 .aio-icon-description'  data-responsive-json-new='{\"font-size\":\"\",\"line-height\":\"\"}'  style=\"\">Nos comprometemos a reducir nuestro impacto ambiental mediante pr\u00e1cticas responsables y sostenibles.<\/div> <!-- description --><\/div> <!-- aio-icon-box --><\/div> <!-- aio-icon-component --><\/div><\/div><\/div><div class=\"ult-spacer spacer-69f474e6c02d9\" data-id=\"69f474e6c02d9\" data-height=\"\" data-height-mobile=\"\" data-height-tab=\"\" data-height-tab-portrait=\"\" data-height-mobile-landscape=\"\" style=\"clear:both;display:block;\"><\/div><\/div><\/div><\/div><\/div><\/section>","protected":false},"excerpt":{"rendered":"ABOUT US 7 Continents Maritime At 7 Continents Maritime, we are more than just a maritime transportation company; we are your strategic partner in comprehensive logistics and maritime solutions. Since our founding, we have been committed to providing exceptional services that meet our clients&#8217; needs, ensuring efficiency, safety, and reliability in every operation. OUR History...","protected":false},"author":1,"featured_media":0,"parent":0,"menu_order":0,"comment_status":"closed","ping_status":"closed","template":"","meta":{"footnotes":""},"class_list":["post-104","page","type-page","status-publish","hentry"],"_links":{"self":[{"href":"https:\/\/7continentsmaritime.com\/es\/wp-json\/wp\/v2\/pages\/104","targetHints":{"allow":["GET"]}}],"collection":[{"href":"https:\/\/7continentsmaritime.com\/es\/wp-json\/wp\/v2\/pages"}],"about":[{"href":"https:\/\/7continentsmaritime.com\/es\/wp-json\/wp\/v2\/types\/page"}],"author":[{"embeddable":true,"href":"https:\/\/7continentsmaritime.com\/es\/wp-json\/wp\/v2\/users\/1"}],"replies":[{"embeddable":true,"href":"https:\/\/7continentsmaritime.com\/es\/wp-json\/wp\/v2\/comments?post=104"}],"version-history":[{"count":27,"href":"https:\/\/7continentsmaritime.com\/es\/wp-json\/wp\/v2\/pages\/104\/revisions"}],"predecessor-version":[{"id":300,"href":"https:\/\/7continentsmaritime.com\/es\/wp-json\/wp\/v2\/pages\/104\/revisions\/300"}],"wp:attachment":[{"href":"https:\/\/7continentsmaritime.com\/es\/wp-json\/wp\/v2\/media?parent=104"}],"curies":[{"name":"wp","href":"https:\/\/api.w.org\/{rel}","templated":true}]}}