{"id":214,"date":"2024-08-21T15:15:32","date_gmt":"2024-08-21T15:15:32","guid":{"rendered":"https:\/\/7continentsmaritime.com\/?page_id=214"},"modified":"2024-09-06T18:55:46","modified_gmt":"2024-09-06T18:55:46","slug":"featured-projects","status":"publish","type":"page","link":"https:\/\/7continentsmaritime.com\/es\/featured-projects\/","title":{"rendered":"Proyectos destacados"},"content":{"rendered":"<section class=\"l-section wpb_row height_medium with_img\"><div class=\"l-section-img\" role=\"img\" data-img-width=\"2107\" data-img-height=\"1080\" style=\"background-image: url(https:\/\/7continentsmaritime.com\/wp-content\/uploads\/2024\/08\/background-contact-1.jpg);\"><\/div><div class=\"l-section-h i-cf\"><div class=\"g-cols vc_row via_grid cols_1 laptops-cols_inherit tablets-cols_inherit mobiles-cols_1 valign_middle type_default stacking_default\"><div class=\"wpb_column vc_column_container\"><div class=\"vc_column-inner\"><div class=\"ult-spacer spacer-69f46db715200\" data-id=\"69f46db715200\" data-height=\"80\" data-height-mobile=\"80\" data-height-tab=\"\" data-height-tab-portrait=\"80\" data-height-mobile-landscape=\"80\" style=\"clear:both;display:block;\"><\/div><div id=\"ultimate-heading-903969f46db715275\" class=\"uvc-heading ult-adjust-bottom-margin ultimate-heading-903969f46db715275 uvc-3585 titulo\" data-hspacer=\"line_only\"  data-halign=\"left\" style=\"text-align:left\"><div class=\"uvc-sub-heading ult-responsive\"  data-ultimate-target='.uvc-heading.ultimate-heading-903969f46db715275 .uvc-sub-heading '  data-responsive-json-new='{\"font-size\":\"\",\"line-height\":\"\"}'  style=\"font-weight:normal;\"><strong>7 CONTINENTS MARITIME<\/strong><\/p>\n<h1>Servicios<\/h1>\n<\/div><div class=\"uvc-heading-spacer line_only\" style=\"margin-top:5px;margin-bottom:10px;height:2px;\"><span class=\"uvc-headings-line\" style=\"border-style:solid;border-bottom-width:2px;border-color:#044cc2;width:80px;\"><\/span><\/div><\/div><div class=\"wpb_text_column\"><div class=\"wpb_wrapper\"><p>En 7 Continents Maritime, estamos orgullosos de nuestra capacidad para ejecutar proyectos mar\u00edtimos complejos y de gran impacto en todo el mundo. Nuestro equipo de expertos combina innovaci\u00f3n y experiencia para ofrecer soluciones personalizadas que superan las expectativas de nuestros clientes. Estos son algunos de nuestros proyectos m\u00e1s destacados:<\/p>\n<\/div><\/div><div class=\"ult-spacer spacer-69f46db715a61\" data-id=\"69f46db715a61\" data-height=\"60\" data-height-mobile=\"60\" data-height-tab=\"60\" data-height-tab-portrait=\"\" data-height-mobile-landscape=\"\" style=\"clear:both;display:block;\"><\/div><div class=\"w-tabs layout_hor style_modern switch_click has_scrolling\" style=\"--sections-title-size:1em\"><div class=\"w-tabs-list items_3 align_center\"><div class=\"w-tabs-list-h\"><button class=\"w-tabs-item active\" aria-controls=\"content-u354\" aria-expanded=\"false\"><span class=\"w-tabs-item-title\">Transporte mar\u00edtimo de minerales<\/span><\/button><button class=\"w-tabs-item\" aria-controls=\"content-w3ee\" aria-expanded=\"false\"><span class=\"w-tabs-item-title\">Remolque y salvamento de buques<\/span><\/button><button class=\"w-tabs-item\" aria-controls=\"content-i970\" aria-expanded=\"false\"><span class=\"w-tabs-item-title\">Construcci\u00f3n y log\u00edstica de infraestructuras mar\u00edtimas<\/span><\/button><\/div><\/div><div class=\"w-tabs-sections titles-align_none icon_chevron cpos_right\"><div class=\"w-tabs-section active\" id=\"u354\"><button class=\"w-tabs-section-header active\" aria-controls=\"content-u354\" aria-expanded=\"true\"><div class=\"w-tabs-section-title\">Transporte mar\u00edtimo de minerales<\/div><div class=\"w-tabs-section-control\"><\/div><\/button><div  class=\"w-tabs-section-content\" id=\"content-u354\"><div class=\"w-tabs-section-content-h i-cf\"><div class=\"g-cols wpb_row via_grid cols_2 laptops-cols_inherit tablets-cols_inherit mobiles-cols_1 valign_middle type_default stacking_default\" style=\"--gap:3rem;\"><div class=\"wpb_column vc_column_container\"><div class=\"vc_column-inner\"><div class=\"wpb_text_column\"><div class=\"wpb_wrapper\"><h2><strong>Transporte mar\u00edtimo de minerales<\/strong><\/h2>\n<\/div><\/div><div class=\"ult-spacer spacer-69f46db717807\" data-id=\"69f46db717807\" data-height=\"20\" data-height-mobile=\"20\" data-height-tab=\"20\" data-height-tab-portrait=\"\" data-height-mobile-landscape=\"\" style=\"clear:both;display:block;\"><\/div><div class=\"wpb_text_column\"><div class=\"wpb_wrapper\"><p>Utilizando nuestra flota de buques autodescargadores, hemos optimizado el transporte de minerales en, reduciendo los costes log\u00edsticos y mejorando la eficiencia operativa. Este proyecto destaca por su impacto positivo en la industria local, impulsando el crecimiento econ\u00f3mico y el desarrollo sostenible.<\/p>\n<\/div><\/div><\/div><\/div><div class=\"wpb_column vc_column_container\"><div class=\"vc_column-inner\"><div class=\"w-image align_none\" id=\"img-feauture\"><a href=\"\/es\/img-feauture\/\" aria-label=\"0003\" class=\"w-image-h\"><img decoding=\"async\" width=\"777\" height=\"1024\" src=\"https:\/\/7continentsmaritime.com\/wp-content\/uploads\/2024\/09\/0003.jpg\" class=\"attachment-large size-large\" alt=\"\" loading=\"lazy\" srcset=\"https:\/\/7continentsmaritime.com\/wp-content\/uploads\/2024\/09\/0003.jpg 777w, https:\/\/7continentsmaritime.com\/wp-content\/uploads\/2024\/09\/0003-228x300.jpg 228w\" sizes=\"auto, (max-width: 777px) 100vw, 777px\" \/><\/a><\/div><\/div><\/div><\/div><\/div><\/div><\/div><div class=\"w-tabs-section\" id=\"w3ee\"><button class=\"w-tabs-section-header\" aria-controls=\"content-w3ee\" aria-expanded=\"false\"><div class=\"w-tabs-section-title\">Remolque y salvamento de buques<\/div><div class=\"w-tabs-section-control\"><\/div><\/button><div  class=\"w-tabs-section-content\" id=\"content-w3ee\"><div class=\"w-tabs-section-content-h i-cf\"><div class=\"g-cols wpb_row via_grid cols_2 laptops-cols_inherit tablets-cols_inherit mobiles-cols_1 valign_middle type_default stacking_default\" style=\"--gap:3rem;\"><div class=\"wpb_column vc_column_container\" id=\"space-1\"><div class=\"vc_column-inner\"><div class=\"w-html\"><video width=\"auto\" height=\"470\" controls muted>\n  <source src=\"https:\/\/newproject.serverxdigitalmarketing.com\/7continentsmaritime\/wp-content\/uploads\/2024\/08\/WhatsApp-Video-2024-08-23-at-10.19.53-AM.mp4\" type=\"video\/mp4\">\n<\/video>\n<\/div><div class=\"w-html\"><video width=\"auto\" height=\"470\" controls muted>\n  <source src=\"https:\/\/newproject.serverxdigitalmarketing.com\/7continentsmaritime\/wp-content\/uploads\/2024\/08\/video-2.mp4\" type=\"video\/mp4\">\n<\/video>\n<\/div><\/div><\/div><div class=\"wpb_column vc_column_container\"><div class=\"vc_column-inner\"><div class=\"wpb_text_column\"><div class=\"wpb_wrapper\"><h2><strong>Remolque y salvamento de buques<\/strong><\/h2>\n<\/div><\/div><div class=\"wpb_text_column\"><div class=\"wpb_wrapper\"><p>Nuestro equipo de remolque y salvamento ha realizado operaciones con \u00e9xito, recuperando embarcaciones en situaciones cr\u00edticas y garantizando la seguridad de las aguas locales. Con un enfoque<br \/>\nen seguridad y rapidez, este proyecto ha reforzado nuestra reputaci\u00f3n de l\u00edderes en servicios de emergencia mar\u00edtima.<\/p>\n<\/div><\/div><\/div><\/div><\/div><\/div><\/div><\/div><div class=\"w-tabs-section\" id=\"i970\"><button class=\"w-tabs-section-header\" aria-controls=\"content-i970\" aria-expanded=\"false\"><div class=\"w-tabs-section-title\">Construcci\u00f3n y log\u00edstica de infraestructuras mar\u00edtimas<\/div><div class=\"w-tabs-section-control\"><\/div><\/button><div  class=\"w-tabs-section-content\" id=\"content-i970\"><div class=\"w-tabs-section-content-h i-cf\"><div class=\"g-cols wpb_row via_grid cols_2 laptops-cols_inherit tablets-cols_inherit mobiles-cols_1 valign_middle type_default stacking_default\" style=\"--gap:3rem;\"><div class=\"wpb_column vc_column_container\"><div class=\"vc_column-inner\"><div class=\"wpb_text_column\"><div class=\"wpb_wrapper\"><h2><strong>Construcci\u00f3n de infraestructuras mar\u00edtimas<\/strong><\/h2>\n<\/div><\/div><div class=\"ult-spacer spacer-69f46db71b7de\" data-id=\"69f46db71b7de\" data-height=\"20\" data-height-mobile=\"20\" data-height-tab=\"20\" data-height-tab-portrait=\"\" data-height-mobile-landscape=\"\" style=\"clear:both;display:block;\"><\/div><div class=\"wpb_text_column\"><div class=\"wpb_wrapper\"><p>En colaboraci\u00f3n con, hemos dise\u00f1ado y construido infraestructuras mar\u00edtimas clave en, mejorando la conectividad y el comercio en la regi\u00f3n. Este proyecto no solo refleja nuestra capacidad t\u00e9cnica, sino tambi\u00e9n nuestro compromiso con el desarrollo sostenible y la innovaci\u00f3n.<\/p>\n<\/div><\/div><div class=\"ult-spacer spacer-69f46db71b95f\" data-id=\"69f46db71b95f\" data-height=\"40\" data-height-mobile=\"40\" data-height-tab=\"40\" data-height-tab-portrait=\"\" data-height-mobile-landscape=\"\" style=\"clear:both;display:block;\"><\/div><div class=\"wpb_text_column\"><div class=\"wpb_wrapper\"><h2><strong>Innovaciones en log\u00edstica mar\u00edtima<\/strong><\/h2>\n<\/div><\/div><div class=\"wpb_text_column\"><div class=\"wpb_wrapper\"><p>Mediante innovaciones log\u00edsticas y soluciones personalizadas, hemos transformado las operaciones de transporte mar\u00edtimo, optimizando las rutas y mejorando la eficiencia del combustible. Este proyecto ejemplifica nuestra apuesta por la sostenibilidad y la tecnolog\u00eda avanzada en el sector mar\u00edtimo.<\/p>\n<\/div><\/div><\/div><\/div><div class=\"wpb_column vc_column_container\"><div class=\"vc_column-inner\"><div class=\"w-image align_none\" id=\"img-feauture\"><div class=\"w-image-h\"><img decoding=\"async\" width=\"635\" height=\"1024\" src=\"https:\/\/7continentsmaritime.com\/wp-content\/uploads\/2024\/08\/Imagen-de-WhatsApp-2024-07-29-a-las-16.29.44_f813a77e-635x1024.jpg\" class=\"attachment-large size-large\" alt=\"\" loading=\"lazy\" srcset=\"https:\/\/7continentsmaritime.com\/wp-content\/uploads\/2024\/08\/Imagen-de-WhatsApp-2024-07-29-a-las-16.29.44_f813a77e-635x1024.jpg 635w, https:\/\/7continentsmaritime.com\/wp-content\/uploads\/2024\/08\/Imagen-de-WhatsApp-2024-07-29-a-las-16.29.44_f813a77e-186x300.jpg 186w, https:\/\/7continentsmaritime.com\/wp-content\/uploads\/2024\/08\/Imagen-de-WhatsApp-2024-07-29-a-las-16.29.44_f813a77e.jpg 1080w\" sizes=\"auto, (max-width: 635px) 100vw, 635px\" \/><\/div><\/div><\/div><\/div><\/div><\/div><\/div><\/div><\/div><\/div><\/div><\/div><\/div><\/div><\/section>","protected":false},"excerpt":{"rendered":"7 CONTINENTS MARITIME Services At 7 Continents Maritime, we take pride in our ability to execute complex and highimpact maritime projects worldwide. Our team of experts combines innovation and experience to deliver customized solutions that exceed our clients&#8217; expectations. Here are some of our most notable projects: Maritime Transport of MineralsTowing and Salvage of VesselsMaritime...","protected":false},"author":1,"featured_media":0,"parent":0,"menu_order":0,"comment_status":"closed","ping_status":"closed","template":"","meta":{"footnotes":""},"class_list":["post-214","page","type-page","status-publish","hentry"],"_links":{"self":[{"href":"https:\/\/7continentsmaritime.com\/es\/wp-json\/wp\/v2\/pages\/214","targetHints":{"allow":["GET"]}}],"collection":[{"href":"https:\/\/7continentsmaritime.com\/es\/wp-json\/wp\/v2\/pages"}],"about":[{"href":"https:\/\/7continentsmaritime.com\/es\/wp-json\/wp\/v2\/types\/page"}],"author":[{"embeddable":true,"href":"https:\/\/7continentsmaritime.com\/es\/wp-json\/wp\/v2\/users\/1"}],"replies":[{"embeddable":true,"href":"https:\/\/7continentsmaritime.com\/es\/wp-json\/wp\/v2\/comments?post=214"}],"version-history":[{"count":16,"href":"https:\/\/7continentsmaritime.com\/es\/wp-json\/wp\/v2\/pages\/214\/revisions"}],"predecessor-version":[{"id":282,"href":"https:\/\/7continentsmaritime.com\/es\/wp-json\/wp\/v2\/pages\/214\/revisions\/282"}],"wp:attachment":[{"href":"https:\/\/7continentsmaritime.com\/es\/wp-json\/wp\/v2\/media?parent=214"}],"curies":[{"name":"wp","href":"https:\/\/api.w.org\/{rel}","templated":true}]}}